{"id":16,"date":"2025-12-08T16:24:16","date_gmt":"2025-12-08T19:24:16","guid":{"rendered":"https:\/\/resultreguladora.com.br\/?page_id=16"},"modified":"2025-12-08T16:48:30","modified_gmt":"2025-12-08T19:48:30","slug":"inicio","status":"publish","type":"page","link":"https:\/\/resultreguladora.com.br\/","title":{"rendered":"In\u00edcio"},"content":{"rendered":"\n<div class=\"wp-block-group alignfull has-global-padding is-layout-constrained wp-container-core-group-is-layout-d89aad35 wp-block-group-is-layout-constrained\" style=\"margin-top:0;margin-bottom:0;padding-top:var(--wp--preset--spacing--50);padding-right:var(--wp--preset--spacing--50);padding-bottom:var(--wp--preset--spacing--50);padding-left:var(--wp--preset--spacing--50)\">\n<div class=\"wp-block-group alignwide has-global-padding is-layout-constrained wp-container-core-group-is-layout-19e250f3 wp-block-group-is-layout-constrained\">\n<div class=\"wp-block-columns alignwide is-layout-flex wp-container-core-columns-is-layout-8396961b wp-block-columns-is-layout-flex\" style=\"padding-right:0;padding-left:0\">\n<div class=\"wp-block-column is-layout-flow wp-block-column-is-layout-flow\" style=\"flex-basis:30%\">\n<figure class=\"wp-block-image size-full is-style-rounded is-style-rounded--1\"><img loading=\"lazy\" decoding=\"async\" width=\"618\" height=\"377\" src=\"http:\/\/resultreguladora.com.br\/wp-content\/uploads\/2025\/12\/result.jpg\" alt=\"Result Reguladora\" class=\"wp-image-22\" srcset=\"https:\/\/resultreguladora.com.br\/wp-content\/uploads\/2025\/12\/result.jpg 618w, https:\/\/resultreguladora.com.br\/wp-content\/uploads\/2025\/12\/result-300x183.jpg 300w\" sizes=\"auto, (max-width: 618px) 100vw, 618px\" \/><\/figure>\n<\/div>\n\n\n\n<div class=\"wp-block-column is-vertically-aligned-center is-layout-flow wp-block-column-is-layout-flow\" style=\"flex-basis:60%\">\n<p class=\"has-text-align-left\">Fundada em 2025, viemos prestar servi\u00e7os focados em sinistros de seguro fian\u00e7a. Aos poucos, apresentamos resultados al\u00e9m do esperado e qualidade inquestion\u00e1vel, e fomos aumentando o volume de demandas e consequentemente o quadro de funcion\u00e1rios. Hoje, contamos com uma equipe extremamente qualificada, proativa e com sede de crescimento.<\/p>\n<\/div>\n<\/div>\n<\/div>\n<\/div>\n","protected":false},"excerpt":{"rendered":"<p>Fundada em 2025, viemos prestar servi\u00e7os focados em sinistros de seguro fian\u00e7a. Aos poucos, apresentamos resultados al\u00e9m do esperado e qualidade inquestion\u00e1vel, e fomos aumentando o volume de demandas e consequentemente o quadro de funcion\u00e1rios. Hoje, contamos com uma equipe extremamente qualificada, proativa e com sede de crescimento.<\/p>\n","protected":false},"author":1,"featured_media":0,"parent":0,"menu_order":0,"comment_status":"closed","ping_status":"closed","template":"","meta":{"footnotes":""},"class_list":["post-16","page","type-page","status-publish","hentry"],"_links":{"self":[{"href":"https:\/\/resultreguladora.com.br\/index.php?rest_route=\/wp\/v2\/pages\/16","targetHints":{"allow":["GET"]}}],"collection":[{"href":"https:\/\/resultreguladora.com.br\/index.php?rest_route=\/wp\/v2\/pages"}],"about":[{"href":"https:\/\/resultreguladora.com.br\/index.php?rest_route=\/wp\/v2\/types\/page"}],"author":[{"embeddable":true,"href":"https:\/\/resultreguladora.com.br\/index.php?rest_route=\/wp\/v2\/users\/1"}],"replies":[{"embeddable":true,"href":"https:\/\/resultreguladora.com.br\/index.php?rest_route=%2Fwp%2Fv2%2Fcomments&post=16"}],"version-history":[{"count":3,"href":"https:\/\/resultreguladora.com.br\/index.php?rest_route=\/wp\/v2\/pages\/16\/revisions"}],"predecessor-version":[{"id":24,"href":"https:\/\/resultreguladora.com.br\/index.php?rest_route=\/wp\/v2\/pages\/16\/revisions\/24"}],"wp:attachment":[{"href":"https:\/\/resultreguladora.com.br\/index.php?rest_route=%2Fwp%2Fv2%2Fmedia&parent=16"}],"curies":[{"name":"wp","href":"https:\/\/api.w.org\/{rel}","templated":true}]}}